{"id":170362,"date":"2017-07-26T12:20:33","date_gmt":"2017-07-26T15:20:33","guid":{"rendered":"http:\/\/bvs.escenf.unam.edu.ar\/?page_id=170362"},"modified":"2017-07-26T12:21:10","modified_gmt":"2017-07-26T15:21:10","slug":"personalidades-de-la-historia","status":"publish","type":"page","link":"http:\/\/bvs.escenf.unam.edu.ar\/index.php\/personalidades-de-la-historia\/","title":{"rendered":"Personalidades de la Historia"},"content":{"rendered":"<p>Personalidades de la historia de la <span style=\"color: #3366ff;\"><strong>Escuela de Enfermer\u00eda<\/strong><\/span>.<\/p>\n<p class=\"collapseomatic \" id=\"id1911\"  tabindex=\"0\" title=\"<strong>Fern\u00e1ndez, Estrella<\/strong>\"    ><strong>Fern\u00e1ndez, Estrella<\/strong><\/p><div id=\"target-id1911\" class=\"collapseomatic_content \">\n+1992- Fue Creadora y Directora de la Escuela de Enfermer\u00eda del Sanatorio G\u00fcemes, y Jefa del Centro de Arritmias y Terapia Intensiva del mismo. Fue declarada Mujer del A\u00f1o al ganarle un \u2018Juicio\u2019 a la Instituci\u00f3n, al Defender su Papel Profesional de Enfermer\u00eda por sobre el Empirismo. Fue la primera Enfermera que ocupo el Cargo de Jefa en la Superintendencia de Fiscalizaci\u00f3n y Registro de Matricula en el Ministerio de Salud de la Naci\u00f3n.<\/div>\n<p class=\"collapseomatic \" id=\"id9015\"  tabindex=\"0\" title=\"<strong>Gordillo Gomez, Nydia H<\/strong>\"    ><strong>Gordillo Gomez, Nydia H<\/strong><\/p><div id=\"target-id9015\" class=\"collapseomatic_content \">\nSu trayectoria profesional se inicia a partir de 1943 como egresada de la Escuela de Enfermer\u00eda de la Cruz Roja Argentina, Filial C\u00f3rdoba, desempe\u00f1\u00e1ndose posteriormente como Enfermera e Instrumentadora en el Hospital Nacional de Cl\u00ednicas y Hospital Espa\u00f1ol de dicha ciudad<br \/>\nEn el a\u00f1o 1956 impulsa la creaci\u00f3n de la Escuela de Enfermer\u00eda. de la Universidad Nacional de C\u00f3rdoba (1956) y desde su puesto de Directora y profesora en dicha instituci\u00f3n hasta el a\u00f1o 1973 promueve un desarrollo integral de la enfermer\u00eda de C\u00f3rdoba y del pa\u00eds, logrando por primera vez la cooperaci\u00f3n de la OPS\/OMS mediante consultor\u00eda y becas de perfeccionamiento en el exterior durante 10 a\u00f1os.<br \/>\nIntegr\u00f3 el grupo de fundadoras de la Federaci\u00f3n Argentina de Enfermer\u00eda, FAE (a\u00f1o 1965) y de la As ociaci\u00f3n de Escuelas Universitarias de la Rep\u00fablica Argentina (a\u00f1o 1966).<br \/>\nUno de sus logros m\u00e1s relevantes fue el de proyectar y concretar el Programa de Educaci\u00f3n a Distancia que desde el a\u00f1o 1991 responde a demandas sentidas de la comunidad de enfermer\u00eda a lo largo del pa\u00eds.<br \/>\nAsume la Direcci\u00f3n compartida de otro logro de su visionario y fruct\u00edfero trabajo: la Maestr\u00eda en Salud Materno-Infantil de la Escuela de Graduados de la Universidad Nacional de C\u00f3rdoba desde 1994 a la fecha de su fallecimiento ocurrido el 11 de octubre de 1998. <\/div>\n<p class=\"collapseomatic \" id=\"id5694\"  tabindex=\"0\" title=\"<strong>Grierson, Cecilia<\/strong>\"    ><strong>Grierson, Cecilia<\/strong><\/p><div id=\"target-id5694\" class=\"collapseomatic_content \">\n1859-1934.<br \/>\nFue la primera m\u00e9dica argentina, gradu\u00e1ndose el 2 de julio de 1889 en la Facultad de Ciencias M\u00e9dicas de la Universidad de Buenos Aires, a los 30 a\u00f1os. Incluso antes de recibirse en 1886, fund\u00f3 la Escuela de Enfermeras del C\u00edrculo M\u00e9dico Argentino<\/div>\n<p class=\"collapseomatic \" id=\"id421\"  tabindex=\"0\" title=\"<strong>Molina, Teresa Maria<\/strong>\"    ><strong>Molina, Teresa Maria<\/strong><\/p><div id=\"target-id421\" class=\"collapseomatic_content \">\n1909\/2000- Organizadora y presidente de la Asociaci\u00f3n Argentina de Instructoras de Enfermer\u00eda (1953). Obra publicada: Historia de la Enfermer\u00eda.<\/div>\n<p class=\"collapseomatic \" id=\"id1581\"  tabindex=\"0\" title=\"<strong>Nightingale, Florencia<\/strong>\"    ><strong>Nightingale, Florencia<\/strong><\/p><div id=\"target-id1581\" class=\"collapseomatic_content \">\nEnfermera inglesa, pionera de la enfermer\u00eda profesional moderna (Florencia, 1820 \u2013 Londres, 1910). Public\u00f3 200 libros, reportes y panfletos. Una de esas publicaciones fue un libro titulado Notas sobre enfermer\u00eda (1860). Este fue el primer libro para uso espec\u00edfico en la ense\u00f1anza de la enfermer\u00eda y fue traducido a muchos idiomas. Las otras obras publicadas de Nightingale incluyen Notas sobre los hospitales (1859) y Notas sobre la enfermer\u00eda para las clases trabajadoras (1861).<\/div>\n","protected":false},"excerpt":{"rendered":"<p>Personalidades de la historia de la Escuela de Enfermer\u00eda.<\/p>\n","protected":false},"author":1,"featured_media":0,"parent":0,"menu_order":0,"comment_status":"closed","ping_status":"closed","template":"","meta":{"_mi_skip_tracking":false},"_links":{"self":[{"href":"http:\/\/bvs.escenf.unam.edu.ar\/index.php\/wp-json\/wp\/v2\/pages\/170362"}],"collection":[{"href":"http:\/\/bvs.escenf.unam.edu.ar\/index.php\/wp-json\/wp\/v2\/pages"}],"about":[{"href":"http:\/\/bvs.escenf.unam.edu.ar\/index.php\/wp-json\/wp\/v2\/types\/page"}],"author":[{"embeddable":true,"href":"http:\/\/bvs.escenf.unam.edu.ar\/index.php\/wp-json\/wp\/v2\/users\/1"}],"replies":[{"embeddable":true,"href":"http:\/\/bvs.escenf.unam.edu.ar\/index.php\/wp-json\/wp\/v2\/comments?post=170362"}],"version-history":[{"count":17,"href":"http:\/\/bvs.escenf.unam.edu.ar\/index.php\/wp-json\/wp\/v2\/pages\/170362\/revisions"}],"predecessor-version":[{"id":170381,"href":"http:\/\/bvs.escenf.unam.edu.ar\/index.php\/wp-json\/wp\/v2\/pages\/170362\/revisions\/170381"}],"wp:attachment":[{"href":"http:\/\/bvs.escenf.unam.edu.ar\/index.php\/wp-json\/wp\/v2\/media?parent=170362"}],"curies":[{"name":"wp","href":"https:\/\/api.w.org\/{rel}","templated":true}]}}